{"id":238,"date":"2025-04-22T06:25:05","date_gmt":"2025-04-22T06:25:05","guid":{"rendered":"https:\/\/contacteuronetworldwide.com\/?page_id=238"},"modified":"2025-04-22T06:38:38","modified_gmt":"2025-04-22T06:38:38","slug":"hvis-du-brukte-et-bankaxept-kort-vennligst-klikk-her","status":"publish","type":"page","link":"https:\/\/contacteuronetworldwide.com\/no\/hvis-du-brukte-et-bankaxept-kort-vennligst-klikk-her\/","title":{"rendered":"Hvis du brukte et BankAxept-kort, vennligst klikk her"},"content":{"rendered":"\n<p class=\"has-text-align-center\">Kj\u00e6re kunde, hvis du brukte et BankAxept-kort under transaksjonen p\u00e5 v\u00e5r minibank i Norge og minibanken ikke utbetalte kontanter eller utbetalte feil bel\u00f8p, vennligst bruk skjemaet nedenfor for \u00e5 kontakte oss.<\/p>\n\n\n\n<div class=\"wpcf7 no-js\" id=\"wpcf7-f241-o1\" lang=\"en-US\" dir=\"ltr\" data-wpcf7-id=\"241\">\n<div class=\"screen-reader-response\"><p role=\"status\" aria-live=\"polite\" aria-atomic=\"true\"><\/p> <ul><\/ul><\/div>\n<form action=\"\/no\/wp-json\/wp\/v2\/pages\/238#wpcf7-f241-o1\" method=\"post\" class=\"wpcf7-form init\" aria-label=\"Contact form\" novalidate=\"novalidate\" data-status=\"init\">\n<fieldset class=\"hidden-fields-container\"><input type=\"hidden\" name=\"_wpcf7\" value=\"241\" \/><input type=\"hidden\" name=\"_wpcf7_version\" value=\"6.1.5\" \/><input type=\"hidden\" name=\"_wpcf7_locale\" value=\"en_US\" \/><input type=\"hidden\" name=\"_wpcf7_unit_tag\" value=\"wpcf7-f241-o1\" \/><input type=\"hidden\" name=\"_wpcf7_container_post\" value=\"0\" \/><input type=\"hidden\" name=\"_wpcf7_posted_data_hash\" value=\"\" \/>\n<\/fieldset>\n<p><label>Navn<br \/>\n<span class=\"wpcf7-form-control-wrap\" data-name=\"navn\"><input size=\"40\" maxlength=\"400\" class=\"wpcf7-form-control wpcf7-text wpcf7-validates-as-required cf7-input\" aria-required=\"true\" aria-invalid=\"false\" value=\"\" type=\"text\" name=\"navn\" \/><\/span><br \/>\n<\/label>\n<\/p>\n<p><label>Etternavn<br \/>\n<span class=\"wpcf7-form-control-wrap\" data-name=\"etternavn\"><input size=\"40\" maxlength=\"400\" class=\"wpcf7-form-control wpcf7-text wpcf7-validates-as-required cf7-input\" aria-required=\"true\" aria-invalid=\"false\" value=\"\" type=\"text\" name=\"etternavn\" \/><\/span><br \/>\n<\/label>\n<\/p>\n<p><label>Telefonnummer<br \/>\n<span class=\"wpcf7-form-control-wrap\" data-name=\"telefonnummer\"><input size=\"40\" maxlength=\"400\" class=\"wpcf7-form-control wpcf7-tel wpcf7-validates-as-required wpcf7-text wpcf7-validates-as-tel cf7-input\" aria-required=\"true\" aria-invalid=\"false\" value=\"\" type=\"tel\" name=\"telefonnummer\" \/><\/span><br \/>\n<\/label>\n<\/p>\n<p><label>E-post<br \/>\n<span class=\"wpcf7-form-control-wrap\" data-name=\"epost\"><input size=\"40\" maxlength=\"400\" class=\"wpcf7-form-control wpcf7-email wpcf7-validates-as-required wpcf7-text wpcf7-validates-as-email cf7-input\" aria-required=\"true\" aria-invalid=\"false\" value=\"\" type=\"email\" name=\"epost\" \/><\/span><br \/>\n<\/label>\n<\/p>\n<p><label>F\u00f8rste 6 sifre av kortnummeret<br \/>\n<span class=\"wpcf7-form-control-wrap\" data-name=\"pan_first6\"><input class=\"wpcf7-form-control wpcf7-number wpcf7-validates-as-required wpcf7-validates-as-number cf7-input\" aria-required=\"true\" aria-invalid=\"false\" placeholder=\"\" value=\"\" type=\"number\" name=\"pan_first6\" \/><\/span><br \/>\n<\/label>\n<\/p>\n<p><label>Siste 4 sifre av kortnummeret<br \/>\n<span class=\"wpcf7-form-control-wrap\" data-name=\"pan_last4\"><input class=\"wpcf7-form-control wpcf7-number wpcf7-validates-as-required wpcf7-validates-as-number cf7-input\" aria-required=\"true\" aria-invalid=\"false\" placeholder=\"\" value=\"\" type=\"number\" name=\"pan_last4\" \/><\/span><br \/>\n<\/label>\n<\/p>\n<p><label>Transaksjonsdato (DD\/MM\/YYYY)<br \/>\n<span class=\"wpcf7-form-control-wrap\" data-name=\"transaksjonsdato\"><input class=\"wpcf7-form-control wpcf7-date wpcf7-validates-as-required wpcf7-validates-as-date cf7-input\" aria-required=\"true\" aria-invalid=\"false\" value=\"\" type=\"date\" name=\"transaksjonsdato\" \/><\/span><br \/>\n<\/label>\n<\/p>\n<p><label>Omtrentlig tid<br \/>\n<span class=\"wpcf7-form-control-wrap\" data-name=\"omtrentlig_tid\"><input size=\"40\" maxlength=\"400\" class=\"wpcf7-form-control wpcf7-text wpcf7-validates-as-required cf7-input\" aria-required=\"true\" aria-invalid=\"false\" value=\"\" type=\"text\" name=\"omtrentlig_tid\" \/><\/span><br \/>\n<\/label>\n<\/p>\n\n<!-- \u2014\u2014 NYTT LAND-FELT \u2014\u2014 -->\n<p><label>Land<br \/>\n<span class=\"wpcf7-form-control-wrap\" data-name=\"land\"><select class=\"wpcf7-form-control wpcf7-select wpcf7-validates-as-required cf7-input\" id=\"land\" aria-required=\"true\" aria-invalid=\"false\" name=\"land\"><option value=\"\">- velg et alternativ -<\/option><option value=\"Albania\">Albania<\/option><option value=\"Austria\">Austria<\/option><option value=\"Belgium\">Belgium<\/option><option value=\"Bulgaria\">Bulgaria<\/option><option value=\"Croatia\">Croatia<\/option><option value=\"Cyprus\">Cyprus<\/option><option value=\"Czech Republic\">Czech Republic<\/option><option value=\"Denmark\">Denmark<\/option><option value=\"Dominican Republic\">Dominican Republic<\/option><option value=\"Egypt\">Egypt<\/option><option value=\"Estonia\">Estonia<\/option><option value=\"France\">France<\/option><option value=\"Germany\">Germany<\/option><option value=\"Greece\">Greece<\/option><option value=\"Hungary\">Hungary<\/option><option value=\"Iceland\">Iceland<\/option><option value=\"Ireland\">Ireland<\/option><option value=\"Italy\">Italy<\/option><option value=\"Latvia\">Latvia<\/option><option value=\"Lithuania\">Lithuania<\/option><option value=\"Malaysia\">Malaysia<\/option><option value=\"Malta\">Malta<\/option><option value=\"Mexico\">Mexico<\/option><option value=\"Montenegro\">Montenegro<\/option><option value=\"Netherlands\">Netherlands<\/option><option value=\"Norway\">Norway<\/option><option value=\"Peru\">Peru<\/option><option value=\"Philippines\">Philippines<\/option><option value=\"Poland\">Poland<\/option><option value=\"Portugal\">Portugal<\/option><option value=\"Romania\">Romania<\/option><option value=\"Slovakia\">Slovakia<\/option><option value=\"Slovenia\">Slovenia<\/option><option value=\"Spain\">Spain<\/option><option value=\"Sweden\">Sweden<\/option><option value=\"Switzerland\">Switzerland<\/option><option value=\"Ukraine\">Ukraine<\/option><option value=\"United Kingdom\">United Kingdom<\/option><\/select><\/span><br \/>\n<\/label>\n<\/p>\n<p><label>Minibank-ID eller n\u00f8yaktig adresse<br \/>\n<span class=\"wpcf7-form-control-wrap\" data-name=\"minibankadresse\"><input size=\"40\" maxlength=\"400\" class=\"wpcf7-form-control wpcf7-text wpcf7-validates-as-required cf7-input\" aria-required=\"true\" aria-invalid=\"false\" value=\"\" type=\"text\" name=\"minibankadresse\" \/><\/span><br \/>\n<\/label>\n<\/p>\n<p><label>Forespurt bel\u00f8p<br \/>\n<span class=\"wpcf7-form-control-wrap\" data-name=\"forespurt_beloep\"><input class=\"wpcf7-form-control wpcf7-number wpcf7-validates-as-required wpcf7-validates-as-number cf7-input\" min=\"0\" step=\"0.01\" aria-required=\"true\" aria-invalid=\"false\" value=\"\" type=\"number\" name=\"forespurt_beloep\" \/><\/span><br \/>\n<\/label>\n<\/p>\n<p><label>Mottatt bel\u00f8p<br \/>\n<span class=\"wpcf7-form-control-wrap\" data-name=\"mottatt_beloep\"><input class=\"wpcf7-form-control wpcf7-number wpcf7-validates-as-required wpcf7-validates-as-number cf7-input\" min=\"0\" step=\"0.01\" aria-required=\"true\" aria-invalid=\"false\" value=\"\" type=\"number\" name=\"mottatt_beloep\" \/><\/span><br \/>\n<\/label>\n<\/p>\n<p><label>Kommentar<br \/>\n<span class=\"wpcf7-form-control-wrap\" data-name=\"kommentar\"><textarea cols=\"40\" rows=\"10\" maxlength=\"2000\" class=\"wpcf7-form-control wpcf7-textarea cf7-textarea\" aria-invalid=\"false\" name=\"kommentar\"><\/textarea><\/span><br \/>\n<\/label>\n<\/p>\n<div class=\"cf7-warning\">\n\t<p><strong>Forsiktig:<\/strong> Av sikkerhetsgrunner m\u00e5 du ikke angi hele kortnummeret noe sted i dette skjemaet.\n\t<\/p>\n\t<p>Det sikre formatet er <code>XXXXXX******XXXX<\/code> (kun de f\u00f8rste 6 og siste 4 sifrene).\n\t<\/p>\n<\/div>\n<div>\n\t<p><span class=\"wpcf7-form-control-wrap\" data-name=\"acceptance-737\"><span class=\"wpcf7-form-control wpcf7-acceptance\"><span class=\"wpcf7-list-item\"><label><input type=\"checkbox\" name=\"acceptance-737\" value=\"1\" aria-invalid=\"false\" \/><span class=\"wpcf7-list-item-label\">Jeg har lest og godtar <a href=\"https:\/\/contacteuronetworldwide.com\/data-privacy-notice\/\" target=\"_blank\">personvernerkl\u00e6ringen<\/a>.<\/span><\/label><\/span><\/span><\/span>\n\t<\/p>\n<\/div>\n<p><input class=\"wpcf7-form-control wpcf7-submit has-spinner cf7-submit\" type=\"submit\" value=\"Sende\" \/>\n<\/p>\n<style>\n\/* Contact Form 7 custom styling *\/\n.wpcf7-form{\n max-width:1000px;margin:0 auto;padding:24px;background:#fff;border:1px solid #e2e2e2;\n border-radius:12px;box-shadow:0 4px 12px rgba(0,0,0,.05);\n font-family:-apple-system,BlinkMacSystemFont,\"Helvetica Neue\",Arial,sans-serif\n}\n.wpcf7-form label{display:block;font-weight:600;margin-bottom:6px;color:#222}\n.cf7-input,.cf7-textarea{width:100%;padding:10px 14px;margin-bottom:18px;border:1px solid #c8c8c8;\n border-radius:6px;font-size:16px;line-height:1.4;transition:border-color .2s}\n.cf7-input:focus,.cf7-textarea:focus{outline:none;border-color:#0073aa}\n.cf7-textarea{min-height:120px;resize:vertical}\n.cf7-submit{display:inline-block;background:#0073aa;color:#fff;padding:12px 28px;\n font-size:16px;border:none;border-radius:6px;cursor:pointer;transition:background .2s}\n.cf7-submit:hover{background:#005177}\n.cf7-warning{margin:-10px 0 18px;padding:12px 16px;background:#fff6e5;border-left:4px solid #f4b500;\n border-radius:6px;font-size:14px;line-height:1.4}\n.wpcf7-acceptance{display:block;font-weight:400;margin:10px 0 18px;font-size:15px}\n<\/style><div class=\"wpcf7-response-output\" aria-hidden=\"true\"><\/div>\n<\/form>\n<\/div>\n\n\n\n\n<style>\n\/* Stack paragraph + CF7 form vertically *\/\n.choice-wrapper {\n  display: flex !important;\n  flex-direction: column !important;\n  align-items: stretch !important;\n}\n\n\/* \u0392\u03b5\u03b2\u03b1\u03b9\u03ce\u03c3\u03bf\u03c5 \u03cc\u03c4\u03b9 \u03c4\u03b1 \u03c0\u03b1\u03b9\u03b4\u03b9\u03ac \u03c0\u03b9\u03ac\u03bd\u03bf\u03bd\u03c4\u03b1\u03b9 \u03c0\u03bb\u03ae\u03c1\u03b5\u03c2 \u03c0\u03bb\u03ac\u03c4\u03bf\u03c2 *\/\n.choice-wrapper > p,\n.choice-wrapper > .wpcf7 {\n  width: 100% !important;\n  margin-bottom: 1.5em !important;\n  float: none !important;\n  clear: both !important;\n}\n\n<\/style>\n","protected":false},"excerpt":{"rendered":"<p>Kj\u00e6re kunde, hvis du brukte et BankAxept-kort under transaksjonen p\u00e5 v\u00e5r minibank i Norge og minibanken ikke utbetalte kontanter eller utbetalte feil bel\u00f8p, vennligst bruk skjemaet nedenfor for \u00e5 kontakte oss.<\/p>\n","protected":false},"author":3,"featured_media":0,"parent":0,"menu_order":0,"comment_status":"closed","ping_status":"open","template":"","meta":{"footnotes":""},"class_list":["post-238","page","type-page","status-publish","hentry"],"_links":{"self":[{"href":"https:\/\/contacteuronetworldwide.com\/no\/wp-json\/wp\/v2\/pages\/238","targetHints":{"allow":["GET"]}}],"collection":[{"href":"https:\/\/contacteuronetworldwide.com\/no\/wp-json\/wp\/v2\/pages"}],"about":[{"href":"https:\/\/contacteuronetworldwide.com\/no\/wp-json\/wp\/v2\/types\/page"}],"author":[{"embeddable":true,"href":"https:\/\/contacteuronetworldwide.com\/no\/wp-json\/wp\/v2\/users\/3"}],"replies":[{"embeddable":true,"href":"https:\/\/contacteuronetworldwide.com\/no\/wp-json\/wp\/v2\/comments?post=238"}],"version-history":[{"count":8,"href":"https:\/\/contacteuronetworldwide.com\/no\/wp-json\/wp\/v2\/pages\/238\/revisions"}],"predecessor-version":[{"id":251,"href":"https:\/\/contacteuronetworldwide.com\/no\/wp-json\/wp\/v2\/pages\/238\/revisions\/251"}],"wp:attachment":[{"href":"https:\/\/contacteuronetworldwide.com\/no\/wp-json\/wp\/v2\/media?parent=238"}],"curies":[{"name":"wp","href":"https:\/\/api.w.org\/{rel}","templated":true}]}}